{"id":5846,"date":"2023-08-07T10:24:11","date_gmt":"2023-08-07T10:24:11","guid":{"rendered":"https:\/\/vilahelenka.com\/historia\/"},"modified":"2026-01-01T14:37:32","modified_gmt":"2026-01-01T14:37:32","slug":"historia","status":"publish","type":"page","link":"https:\/\/vilahelenka.com\/es\/historia\/","title":{"rendered":"Historia"},"content":{"rendered":"\t\t<div data-elementor-type=\"wp-page\" data-elementor-id=\"5846\" class=\"elementor elementor-5846 elementor-2300\">\n\t\t\t\t\t\t<section class=\"elementor-section elementor-top-section elementor-element elementor-element-75db0a8 elementor-section-boxed elementor-section-height-default elementor-section-height-default\" data-id=\"75db0a8\" data-element_type=\"section\" data-e-type=\"section\">\n\t\t\t\t\t\t<div class=\"elementor-container elementor-column-gap-default\">\n\t\t\t\t\t<div class=\"elementor-column elementor-col-100 elementor-top-column elementor-element elementor-element-492df0d\" data-id=\"492df0d\" data-element_type=\"column\" data-e-type=\"column\">\n\t\t\t<div class=\"elementor-widget-wrap elementor-element-populated\">\n\t\t\t\t\t\t<div class=\"elementor-element elementor-element-00c1728 acenter elementor-widget elementor-widget-wgl-double-heading\" data-id=\"00c1728\" data-element_type=\"widget\" data-e-type=\"widget\" data-widget_type=\"wgl-double-heading.default\">\n\t\t\t\t<div class=\"elementor-widget-container\">\n\t\t\t\t\t<div class=\"wgl-double-heading\"><div class=\"dblh__wrapper\"><h3 class=\"dblh__title-wrapper\"><span class=\"dblh__title dblh__title-1\">Cronolog\u00eda hist\u00f3rica<\/span><span class=\"dblh__title dblh__title-2\">  de Vila Helenka<\/span><\/h3><\/div><\/div>\t\t\t\t<\/div>\n\t\t\t\t<\/div>\n\t\t\t\t\t<\/div>\n\t\t<\/div>\n\t\t\t\t\t<\/div>\n\t\t<\/section>\n\t\t\t\t<section class=\"elementor-section elementor-top-section elementor-element elementor-element-6b88055 elementor-section-full_width elementor-section-height-default elementor-section-height-default\" data-id=\"6b88055\" data-element_type=\"section\" data-e-type=\"section\">\n\t\t\t\t\t\t<div class=\"elementor-container elementor-column-gap-no\">\n\t\t\t\t\t<div class=\"elementor-column elementor-col-100 elementor-top-column elementor-element elementor-element-c893298\" data-id=\"c893298\" data-element_type=\"column\" data-e-type=\"column\">\n\t\t\t<div class=\"elementor-widget-wrap elementor-element-populated\">\n\t\t\t\t\t\t<div class=\"elementor-element elementor-element-014b0b4 elementor-widget elementor-widget-spacer\" data-id=\"014b0b4\" data-element_type=\"widget\" data-e-type=\"widget\" data-widget_type=\"spacer.default\">\n\t\t\t\t<div class=\"elementor-widget-container\">\n\t\t\t\t\t\t\t<div class=\"elementor-spacer\">\n\t\t\t<div class=\"elementor-spacer-inner\"><\/div>\n\t\t<\/div>\n\t\t\t\t\t\t<\/div>\n\t\t\t\t<\/div>\n\t\t\t\t<div class=\"elementor-element elementor-element-f1bd81e elementor-widget elementor-widget-wgl-time-line-vertical\" data-id=\"f1bd81e\" data-element_type=\"widget\" data-e-type=\"widget\" data-widget_type=\"wgl-time-line-vertical.default\">\n\t\t\t\t<div class=\"elementor-widget-container\">\n\t\t\t\t\t<div class=\"wgl-timeline-vertical  breakpoint_on-mobile\">            <div class=\"tlv__items-wrapper elementor-repeater-item-b008dc8 \">                <div class=\"tlv__item has_media\">\r\n                    <div class=\"tlv__curve-wrapper\">\r\n                        <div class=\"dot\"><\/div>\r\n                    <\/div>\r\n                    <div class=\"tlv__volume-wrapper\">\r\n                        <div class=\"tlv__content-wrapper\">\r\n                            <div class=\"tlv__content\"><div class=\"tlv__date-wrapper\"><span class=\"tlv__date\">1903<\/span><span class=\"tlv__subtitle\">Nacimiento de una obra maestra<\/span><\/div><div class=\"tlv__text\"><p>Vila Helenka es construida por el arquitecto Alois Korda como residencia privada para su familia. Inspirada en el floreciente movimiento Art Nouveau, la villa se convierte en una declaraci\u00f3n de elegancia moderna e innovaci\u00f3n arquitect\u00f3nica.<\/p><\/div><\/div>\r\n                        <\/div>\r\n                    <\/div>\r\n                <\/div>\r\n\r\n                <div class=\"tlv__item image\">\r\n                                            <div class=\"tlv__media\"><img decoding=\"async\" class=\"tlv__thumbnail--idle\" src=\"https:\/\/vilahelenka.com\/wp-content\/uploads\/2025\/12\/2025_06_25_109264-HDR2-1-scalededit2.jpg\" alt=\"2025_06_25_109264-HDR2-1-scalededit2\"\/>                        <\/div>                <\/div>\r\n\r\n            <\/div>            <div class=\"tlv__items-wrapper elementor-repeater-item-e3f4954 \">                <div class=\"tlv__item has_media\">\r\n                    <div class=\"tlv__curve-wrapper\">\r\n                        <div class=\"dot\"><\/div>\r\n                    <\/div>\r\n                    <div class=\"tlv__volume-wrapper\">\r\n                        <div class=\"tlv__content-wrapper\">\r\n                            <div class=\"tlv__content\"><div class=\"tlv__date-wrapper\"><span class=\"tlv__subtitle\">Embellecimiento art\u00edstico<\/span><span class=\"tlv__date\">1903\u20131910<\/span><\/div><div class=\"tlv__text\"><p>El pintor acad\u00e9mico Franti\u0161ek Kobliha dise\u00f1a la fachada, adorn\u00e1ndola con frescos florales, un \u00e1ngel esculpido y un reloj de sol decorativo, estableciendo a Helenka como un destacado ejemplo del Art Nouveau de Praga.<\/p><\/div><\/div>\r\n                        <\/div>\r\n                    <\/div>\r\n                <\/div>\r\n\r\n                <div class=\"tlv__item image\">\r\n                                            <div class=\"tlv__media\"><img decoding=\"async\" class=\"tlv__thumbnail--idle\" src=\"https:\/\/vilahelenka.com\/wp-content\/uploads\/2025\/07\/2025_06_25_109145-scaled.jpg\" alt=\"2025_06_25_109145\"\/>                        <\/div>                <\/div>\r\n\r\n            <\/div>            <div class=\"tlv__items-wrapper elementor-repeater-item-824283a \">                <div class=\"tlv__item has_media\">\r\n                    <div class=\"tlv__curve-wrapper\">\r\n                        <div class=\"dot\"><\/div>\r\n                    <\/div>\r\n                    <div class=\"tlv__volume-wrapper\">\r\n                        <div class=\"tlv__content-wrapper\">\r\n                            <div class=\"tlv__content\"><div class=\"tlv__date-wrapper\"><span class=\"tlv__date\">Mediados del siglo XX<\/span><span class=\"tlv__subtitle\">D\u00e9cadas de tranquilidad<\/span><\/div><div class=\"tlv__text\"><p>A lo largo de las cambiantes mareas pol\u00edticas y sociales del siglo XX, la villa sigue siendo una joya escondida, con sus caracter\u00edsticas originales conservadas bajo la p\u00e1tina del tiempo.<\/p><\/div><\/div>\r\n                        <\/div>\r\n                    <\/div>\r\n                <\/div>\r\n\r\n                <div class=\"tlv__item image\">\r\n                                            <div class=\"tlv__media\"><img decoding=\"async\" class=\"tlv__thumbnail--idle\" src=\"https:\/\/vilahelenka.com\/wp-content\/uploads\/2025\/07\/2025_06_26_109407-HDR-scaled.jpg\" alt=\"2025_06_26_109407-HDR\"\/>                        <\/div>                <\/div>\r\n\r\n            <\/div>            <div class=\"tlv__items-wrapper elementor-repeater-item-66d03a0 \">                <div class=\"tlv__item has_media\">\r\n                    <div class=\"tlv__curve-wrapper\">\r\n                        <div class=\"dot\"><\/div>\r\n                    <\/div>\r\n                    <div class=\"tlv__volume-wrapper\">\r\n                        <div class=\"tlv__content-wrapper\">\r\n                            <div class=\"tlv__content\"><div class=\"tlv__date-wrapper\"><span class=\"tlv__subtitle\">Restauraci\u00f3n completa<\/span><span class=\"tlv__date\">2005\u20132016<\/span><\/div><div class=\"tlv__text\"><p>Una reconstrucci\u00f3n meticulosa y sensible es dirigida por un renombrado arquitecto italiano. Se restauran los detalles art\u00edsticos originales de la villa y se a\u00f1aden elementos modernos como un ascensor, infraestructura t\u00e9cnica y un lujoso \u00e1tico d\u00faplex.<\/p><\/div><\/div>\r\n                        <\/div>\r\n                    <\/div>\r\n                <\/div>\r\n\r\n                <div class=\"tlv__item image\">\r\n                                            <div class=\"tlv__media\"><img decoding=\"async\" class=\"tlv__thumbnail--idle\" src=\"https:\/\/vilahelenka.com\/wp-content\/uploads\/2025\/07\/2025_06_25_109017-HDR-1-scaled.jpg\" alt=\"2025_06_25_109017-HDR\"\/>                        <\/div>                <\/div>\r\n\r\n            <\/div>            <div class=\"tlv__items-wrapper elementor-repeater-item-ca994c5 \">                <div class=\"tlv__item has_media\">\r\n                    <div class=\"tlv__curve-wrapper\">\r\n                        <div class=\"dot\"><\/div>\r\n                    <\/div>\r\n                    <div class=\"tlv__volume-wrapper\">\r\n                        <div class=\"tlv__content-wrapper\">\r\n                            <div class=\"tlv__content\"><div class=\"tlv__date-wrapper\"><span class=\"tlv__date\">Hoy<\/span><span class=\"tlv__subtitle\">Una obra de arte viva<\/span><\/div><div class=\"tlv__text\"><p>Ahora completamente renovada, Vila Helenka se erige como uno de los monumentos arquitect\u00f3nicos m\u00e1s importantes de Praga, lista para servir como una residencia de prestigio, embajada o exclusivo hotel boutique, y ofrecida exclusivamente a trav\u00e9s de nuestra agencia.<\/p><\/div><\/div>\r\n                        <\/div>\r\n                    <\/div>\r\n                <\/div>\r\n\r\n                <div class=\"tlv__item image\">\r\n                                            <div class=\"tlv__media\"><img decoding=\"async\" class=\"tlv__thumbnail--idle\" src=\"https:\/\/vilahelenka.com\/wp-content\/uploads\/2025\/07\/2025_06_25_109093-HDR-1-scaled.jpg\" alt=\"2025_06_25_109093-HDR\"\/>                        <\/div>                <\/div>\r\n\r\n            <\/div><div class=\"tlv__item-start\"><\/div><div class=\"tlv__item-end\"><\/div><\/div>\t\t\t\t<\/div>\n\t\t\t\t<\/div>\n\t\t\t\t<div class=\"elementor-element elementor-element-f0cc85e elementor-widget elementor-widget-spacer\" data-id=\"f0cc85e\" data-element_type=\"widget\" data-e-type=\"widget\" data-widget_type=\"spacer.default\">\n\t\t\t\t<div class=\"elementor-widget-container\">\n\t\t\t\t\t\t\t<div class=\"elementor-spacer\">\n\t\t\t<div class=\"elementor-spacer-inner\"><\/div>\n\t\t<\/div>\n\t\t\t\t\t\t<\/div>\n\t\t\t\t<\/div>\n\t\t\t\t\t<\/div>\n\t\t<\/div>\n\t\t\t\t\t<\/div>\n\t\t<\/section>\n\t\t<div class=\"elementor-element elementor-element-84a09e7 e-flex e-con-boxed e-con e-parent\" data-id=\"84a09e7\" data-element_type=\"container\" data-e-type=\"container\">\n\t\t\t\t\t<div class=\"e-con-inner\">\n\t\t\t\t<div class=\"elementor-element elementor-element-fc527e5 elementor-widget elementor-widget-spacer\" data-id=\"fc527e5\" data-element_type=\"widget\" data-e-type=\"widget\" data-widget_type=\"spacer.default\">\n\t\t\t\t<div class=\"elementor-widget-container\">\n\t\t\t\t\t\t\t<div class=\"elementor-spacer\">\n\t\t\t<div class=\"elementor-spacer-inner\"><\/div>\n\t\t<\/div>\n\t\t\t\t\t\t<\/div>\n\t\t\t\t<\/div>\n\t\t\t\t\t<\/div>\n\t\t\t\t<\/div>\n\t\t<div class=\"elementor-element elementor-element-5b8b9e9 e-flex e-con-boxed e-con e-parent\" data-id=\"5b8b9e9\" data-element_type=\"container\" data-e-type=\"container\">\n\t\t\t\t\t<div class=\"e-con-inner\">\n\t\t<div class=\"elementor-element elementor-element-304bcf5 e-con-full e-flex e-con e-child\" data-id=\"304bcf5\" data-element_type=\"container\" data-e-type=\"container\">\n\t\t\t\t<div class=\"elementor-element elementor-element-1f579a0 aleft elementor-widget elementor-widget-wgl-double-heading\" data-id=\"1f579a0\" data-element_type=\"widget\" data-e-type=\"widget\" data-widget_type=\"wgl-double-heading.default\">\n\t\t\t\t<div class=\"elementor-widget-container\">\n\t\t\t\t\t<div class=\"wgl-double-heading\"><div class=\"dblh__wrapper\"><h3 class=\"dblh__title-wrapper\"><span class=\"dblh__title dblh__title-1\">Planos originales del edificio <\/span><span class=\"dblh__title dblh__title-2\">Conservados desde 1903<\/span><\/h3><\/div><\/div>\t\t\t\t<\/div>\n\t\t\t\t<\/div>\n\t\t\t\t<\/div>\n\t\t<div class=\"elementor-element elementor-element-dd3de16 e-con-full e-flex e-con e-child\" data-id=\"dd3de16\" data-element_type=\"container\" data-e-type=\"container\">\n\t\t\t\t<div class=\"elementor-element elementor-element-3dee38f elementor-widget elementor-widget-spacer\" data-id=\"3dee38f\" data-element_type=\"widget\" data-e-type=\"widget\" data-widget_type=\"spacer.default\">\n\t\t\t\t<div class=\"elementor-widget-container\">\n\t\t\t\t\t\t\t<div class=\"elementor-spacer\">\n\t\t\t<div class=\"elementor-spacer-inner\"><\/div>\n\t\t<\/div>\n\t\t\t\t\t\t<\/div>\n\t\t\t\t<\/div>\n\t\t\t\t<div class=\"elementor-element elementor-element-7dba4e3 acenter elementor-widget elementor-widget-wgl-button\" data-id=\"7dba4e3\" data-element_type=\"widget\" data-e-type=\"widget\" data-widget_type=\"wgl-button.default\">\n\t\t\t\t<div class=\"elementor-widget-container\">\n\t\t\t\t\t<a class=\"wgl-button btn-size-lg \" role=\"button\" href=\"https:\/\/vilahelenka.com\/wp-content\/uploads\/2025\/12\/Archivni-dokumentace.pdf\"><div class=\"button__content \"><span class=\"button__text\">Descargar aqu\u00ed<\/span><\/div><\/a >\t\t\t\t<\/div>\n\t\t\t\t<\/div>\n\t\t\t\t<\/div>\n\t\t\t\t\t<\/div>\n\t\t\t\t<\/div>\n\t\t<div class=\"elementor-element elementor-element-e747706 e-flex e-con-boxed e-con e-parent\" data-id=\"e747706\" data-element_type=\"container\" data-e-type=\"container\">\n\t\t\t\t\t<div class=\"e-con-inner\">\n\t\t\t\t<div class=\"elementor-element elementor-element-ff2fa7b elementor-widget elementor-widget-spacer\" data-id=\"ff2fa7b\" data-element_type=\"widget\" data-e-type=\"widget\" data-widget_type=\"spacer.default\">\n\t\t\t\t<div class=\"elementor-widget-container\">\n\t\t\t\t\t\t\t<div class=\"elementor-spacer\">\n\t\t\t<div class=\"elementor-spacer-inner\"><\/div>\n\t\t<\/div>\n\t\t\t\t\t\t<\/div>\n\t\t\t\t<\/div>\n\t\t\t\t\t<\/div>\n\t\t\t\t<\/div>\n\t\t\t\t<\/div>\n\t\t","protected":false},"excerpt":{"rendered":"<p>Cronolog\u00eda hist\u00f3rica de Vila Helenka 1903Nacimiento de una obra maestra Vila Helenka es construida por el arquitecto Alois Korda como residencia privada para su familia. Inspirada en el floreciente movimiento Art Nouveau, la villa se convierte en una declaraci\u00f3n de elegancia moderna e innovaci\u00f3n arquitect\u00f3nica. Embellecimiento art\u00edstico1903\u20131910 El pintor acad\u00e9mico Franti\u0161ek Kobliha dise\u00f1a la fachada, [&hellip;]<\/p>\n","protected":false},"author":1,"featured_media":0,"parent":0,"menu_order":0,"comment_status":"closed","ping_status":"closed","template":"","meta":{"footnotes":""},"class_list":["post-5846","page","type-page","status-publish","hentry"],"_hostinger_reach_plugin_has_subscription_block":false,"_hostinger_reach_plugin_is_elementor":false,"meta_box":{"mb_page_sidebar_layout":"default","mb_page_sidebar_def":"","mb_page_sidebar_def_width":"9","mb_sticky_sidebar":"0","mb_sidebar_gap":"40","mb_customize_side_panel":"default","mb_side_panel_building_tool":"widgets","mb_side_panel_page_select":"","mb_side_panel_spacing":{"margin-top":"","margin-right":"","margin-bottom":"","margin-left":""},"mb_side_panel_title_color":"#ffffff","mb_side_panel_text_color":"#232323","mb_side_panel_bg":"rgba(35,35,35,1)","mb_side_panel_text_alignment":"left","mb_side_panel_width":"","mb_side_panel_position":"right","mb_customize_soc_shares":"default","mb_soc_icon_style":"standard","mb_soc_icon_offset":"250","mb_soc_icon_offset_units":"pixel","mb_soc_icon_facebook":"0","mb_soc_icon_twitter":"0","mb_soc_icon_linkedin":"0","mb_soc_icon_pinterest":"0","mb_soc_icon_tumblr":"0","mb_footer_switch":"default","mb_footer_building_tool":"elementor","mb_footer_page_select":"","mb_footer_spacing":{"padding-top":"","padding-right":"","padding-bottom":"","padding-left":""},"mb_footer_bg":{"repeat":"","size":"","attachment":"","position":"","image":"","color":""},"mb_footer_add_border":"0","mb_footer_border_color":"#e5e5e5","mb_copyright_switch":"default","mb_copyright_editor":"Copyright \u00a9 2023 Quere by WebGeniusLab. All Rights Reserved","mb_copyright_text_color":"#888888","mb_copyright_bg_color":"#000000","mb_copyright_spacing":{"padding-top":"","padding-bottom":""}},"_links":{"self":[{"href":"https:\/\/vilahelenka.com\/es\/wp-json\/wp\/v2\/pages\/5846","targetHints":{"allow":["GET"]}}],"collection":[{"href":"https:\/\/vilahelenka.com\/es\/wp-json\/wp\/v2\/pages"}],"about":[{"href":"https:\/\/vilahelenka.com\/es\/wp-json\/wp\/v2\/types\/page"}],"author":[{"embeddable":true,"href":"https:\/\/vilahelenka.com\/es\/wp-json\/wp\/v2\/users\/1"}],"replies":[{"embeddable":true,"href":"https:\/\/vilahelenka.com\/es\/wp-json\/wp\/v2\/comments?post=5846"}],"version-history":[{"count":4,"href":"https:\/\/vilahelenka.com\/es\/wp-json\/wp\/v2\/pages\/5846\/revisions"}],"predecessor-version":[{"id":6694,"href":"https:\/\/vilahelenka.com\/es\/wp-json\/wp\/v2\/pages\/5846\/revisions\/6694"}],"wp:attachment":[{"href":"https:\/\/vilahelenka.com\/es\/wp-json\/wp\/v2\/media?parent=5846"}],"curies":[{"name":"wp","href":"https:\/\/api.w.org\/{rel}","templated":true}]}}