{"id":5777,"date":"2023-08-07T10:24:11","date_gmt":"2023-08-07T10:24:11","guid":{"rendered":"https:\/\/vilahelenka.com\/histoire\/"},"modified":"2026-01-01T14:36:35","modified_gmt":"2026-01-01T14:36:35","slug":"histoire","status":"publish","type":"page","link":"https:\/\/vilahelenka.com\/fr\/histoire\/","title":{"rendered":"Histoire"},"content":{"rendered":"\t\t<div data-elementor-type=\"wp-page\" data-elementor-id=\"5777\" class=\"elementor elementor-5777 elementor-2300\">\n\t\t\t\t\t\t<section class=\"elementor-section elementor-top-section elementor-element elementor-element-75db0a8 elementor-section-boxed elementor-section-height-default elementor-section-height-default\" data-id=\"75db0a8\" data-element_type=\"section\" data-e-type=\"section\">\n\t\t\t\t\t\t<div class=\"elementor-container elementor-column-gap-default\">\n\t\t\t\t\t<div class=\"elementor-column elementor-col-100 elementor-top-column elementor-element elementor-element-492df0d\" data-id=\"492df0d\" data-element_type=\"column\" data-e-type=\"column\">\n\t\t\t<div class=\"elementor-widget-wrap elementor-element-populated\">\n\t\t\t\t\t\t<div class=\"elementor-element elementor-element-00c1728 acenter elementor-widget elementor-widget-wgl-double-heading\" data-id=\"00c1728\" data-element_type=\"widget\" data-e-type=\"widget\" data-widget_type=\"wgl-double-heading.default\">\n\t\t\t\t<div class=\"elementor-widget-container\">\n\t\t\t\t\t<div class=\"wgl-double-heading\"><div class=\"dblh__wrapper\"><h3 class=\"dblh__title-wrapper\"><span class=\"dblh__title dblh__title-1\">Chronologie historique<\/span><span class=\"dblh__title dblh__title-2\">  de la Vila Helenka<\/span><\/h3><\/div><\/div>\t\t\t\t<\/div>\n\t\t\t\t<\/div>\n\t\t\t\t\t<\/div>\n\t\t<\/div>\n\t\t\t\t\t<\/div>\n\t\t<\/section>\n\t\t\t\t<section class=\"elementor-section elementor-top-section elementor-element elementor-element-6b88055 elementor-section-full_width elementor-section-height-default elementor-section-height-default\" data-id=\"6b88055\" data-element_type=\"section\" data-e-type=\"section\">\n\t\t\t\t\t\t<div class=\"elementor-container elementor-column-gap-no\">\n\t\t\t\t\t<div class=\"elementor-column elementor-col-100 elementor-top-column elementor-element elementor-element-c893298\" data-id=\"c893298\" data-element_type=\"column\" data-e-type=\"column\">\n\t\t\t<div class=\"elementor-widget-wrap elementor-element-populated\">\n\t\t\t\t\t\t<div class=\"elementor-element elementor-element-014b0b4 elementor-widget elementor-widget-spacer\" data-id=\"014b0b4\" data-element_type=\"widget\" data-e-type=\"widget\" data-widget_type=\"spacer.default\">\n\t\t\t\t<div class=\"elementor-widget-container\">\n\t\t\t\t\t\t\t<div class=\"elementor-spacer\">\n\t\t\t<div class=\"elementor-spacer-inner\"><\/div>\n\t\t<\/div>\n\t\t\t\t\t\t<\/div>\n\t\t\t\t<\/div>\n\t\t\t\t<div class=\"elementor-element elementor-element-f1bd81e elementor-widget elementor-widget-wgl-time-line-vertical\" data-id=\"f1bd81e\" data-element_type=\"widget\" data-e-type=\"widget\" data-widget_type=\"wgl-time-line-vertical.default\">\n\t\t\t\t<div class=\"elementor-widget-container\">\n\t\t\t\t\t<div class=\"wgl-timeline-vertical  breakpoint_on-mobile\">            <div class=\"tlv__items-wrapper elementor-repeater-item-b008dc8 \">                <div class=\"tlv__item has_media\">\r\n                    <div class=\"tlv__curve-wrapper\">\r\n                        <div class=\"dot\"><\/div>\r\n                    <\/div>\r\n                    <div class=\"tlv__volume-wrapper\">\r\n                        <div class=\"tlv__content-wrapper\">\r\n                            <div class=\"tlv__content\"><div class=\"tlv__date-wrapper\"><span class=\"tlv__date\">1903<\/span><span class=\"tlv__subtitle\">Naissance d\u2019un chef-d\u2019\u0153uvre<\/span><\/div><div class=\"tlv__text\"><p>La Vila Helenka est construite par l\u2019architecte Alois Korda comme r\u00e9sidence priv\u00e9e pour sa famille. Inspir\u00e9e par le mouvement Art nouveau florissant, la villa devient une d\u00e9claration d\u2019\u00e9l\u00e9gance moderne et d\u2019innovation architecturale.<\/p><\/div><\/div>\r\n                        <\/div>\r\n                    <\/div>\r\n                <\/div>\r\n\r\n                <div class=\"tlv__item image\">\r\n                                            <div class=\"tlv__media\"><img decoding=\"async\" class=\"tlv__thumbnail--idle\" src=\"https:\/\/vilahelenka.com\/wp-content\/uploads\/2025\/12\/2025_06_25_109264-HDR2-1-scalededit2.jpg\" alt=\"2025_06_25_109264-HDR2-1-scalededit2\"\/>                        <\/div>                <\/div>\r\n\r\n            <\/div>            <div class=\"tlv__items-wrapper elementor-repeater-item-e3f4954 \">                <div class=\"tlv__item has_media\">\r\n                    <div class=\"tlv__curve-wrapper\">\r\n                        <div class=\"dot\"><\/div>\r\n                    <\/div>\r\n                    <div class=\"tlv__volume-wrapper\">\r\n                        <div class=\"tlv__content-wrapper\">\r\n                            <div class=\"tlv__content\"><div class=\"tlv__date-wrapper\"><span class=\"tlv__subtitle\">Embellissement artistique<\/span><span class=\"tlv__date\">1903\u20131910<\/span><\/div><div class=\"tlv__text\"><p>Le peintre acad\u00e9mique Franti\u0161ek Kobliha con\u00e7oit la fa\u00e7ade, l\u2019ornant de fresques florales, d\u2019un ange sculpt\u00e9 et d\u2019un cadran solaire d\u00e9coratif, faisant d\u2019Helenka un exemple exceptionnel de l\u2019Art nouveau pragois.<\/p><\/div><\/div>\r\n                        <\/div>\r\n                    <\/div>\r\n                <\/div>\r\n\r\n                <div class=\"tlv__item image\">\r\n                                            <div class=\"tlv__media\"><img decoding=\"async\" class=\"tlv__thumbnail--idle\" src=\"https:\/\/vilahelenka.com\/wp-content\/uploads\/2025\/07\/2025_06_25_109145-scaled.jpg\" alt=\"2025_06_25_109145\"\/>                        <\/div>                <\/div>\r\n\r\n            <\/div>            <div class=\"tlv__items-wrapper elementor-repeater-item-824283a \">                <div class=\"tlv__item has_media\">\r\n                    <div class=\"tlv__curve-wrapper\">\r\n                        <div class=\"dot\"><\/div>\r\n                    <\/div>\r\n                    <div class=\"tlv__volume-wrapper\">\r\n                        <div class=\"tlv__content-wrapper\">\r\n                            <div class=\"tlv__content\"><div class=\"tlv__date-wrapper\"><span class=\"tlv__date\">Milieu du XXe si\u00e8cle<\/span><span class=\"tlv__subtitle\">D\u00e9cennies paisibles<\/span><\/div><div class=\"tlv__text\"><p>\u00c0 travers les mar\u00e9es politiques et sociales changeantes du XXe si\u00e8cle, la villa reste un joyau cach\u00e9, ses caract\u00e9ristiques d\u2019origine pr\u00e9serv\u00e9es sous la patine du temps.<\/p><\/div><\/div>\r\n                        <\/div>\r\n                    <\/div>\r\n                <\/div>\r\n\r\n                <div class=\"tlv__item image\">\r\n                                            <div class=\"tlv__media\"><img decoding=\"async\" class=\"tlv__thumbnail--idle\" src=\"https:\/\/vilahelenka.com\/wp-content\/uploads\/2025\/07\/2025_06_26_109407-HDR-scaled.jpg\" alt=\"2025_06_26_109407-HDR\"\/>                        <\/div>                <\/div>\r\n\r\n            <\/div>            <div class=\"tlv__items-wrapper elementor-repeater-item-66d03a0 \">                <div class=\"tlv__item has_media\">\r\n                    <div class=\"tlv__curve-wrapper\">\r\n                        <div class=\"dot\"><\/div>\r\n                    <\/div>\r\n                    <div class=\"tlv__volume-wrapper\">\r\n                        <div class=\"tlv__content-wrapper\">\r\n                            <div class=\"tlv__content\"><div class=\"tlv__date-wrapper\"><span class=\"tlv__subtitle\">Restauration compl\u00e8te<\/span><span class=\"tlv__date\">2005\u20132016<\/span><\/div><div class=\"tlv__text\"><p>Une reconstruction m\u00e9ticuleuse et sensible est men\u00e9e par un architecte italien de renom. Les d\u00e9tails artistiques originaux de la villa sont restaur\u00e9s, et des \u00e9l\u00e9ments modernes tels qu\u2019un ascenseur, une infrastructure technique et un luxueux duplex mansard\u00e9 sont ajout\u00e9s.<\/p><\/div><\/div>\r\n                        <\/div>\r\n                    <\/div>\r\n                <\/div>\r\n\r\n                <div class=\"tlv__item image\">\r\n                                            <div class=\"tlv__media\"><img decoding=\"async\" class=\"tlv__thumbnail--idle\" src=\"https:\/\/vilahelenka.com\/wp-content\/uploads\/2025\/07\/2025_06_25_109017-HDR-1-scaled.jpg\" alt=\"2025_06_25_109017-HDR\"\/>                        <\/div>                <\/div>\r\n\r\n            <\/div>            <div class=\"tlv__items-wrapper elementor-repeater-item-ca994c5 \">                <div class=\"tlv__item has_media\">\r\n                    <div class=\"tlv__curve-wrapper\">\r\n                        <div class=\"dot\"><\/div>\r\n                    <\/div>\r\n                    <div class=\"tlv__volume-wrapper\">\r\n                        <div class=\"tlv__content-wrapper\">\r\n                            <div class=\"tlv__content\"><div class=\"tlv__date-wrapper\"><span class=\"tlv__date\">Aujourd\u2019hui<\/span><span class=\"tlv__subtitle\">Une \u0153uvre d\u2019art vivante<\/span><\/div><div class=\"tlv__text\"><p>Maintenant enti\u00e8rement r\u00e9nov\u00e9e, la Vila Helenka est l\u2019un des monuments architecturaux les plus importants de Prague, pr\u00eate \u00e0 servir de r\u00e9sidence prestigieuse, d\u2019ambassade ou d\u2019h\u00f4tel boutique exclusif, et propos\u00e9e exclusivement par notre agence.<\/p><\/div><\/div>\r\n                        <\/div>\r\n                    <\/div>\r\n                <\/div>\r\n\r\n                <div class=\"tlv__item image\">\r\n                                            <div class=\"tlv__media\"><img decoding=\"async\" class=\"tlv__thumbnail--idle\" src=\"https:\/\/vilahelenka.com\/wp-content\/uploads\/2025\/07\/2025_06_25_109093-HDR-1-scaled.jpg\" alt=\"2025_06_25_109093-HDR\"\/>                        <\/div>                <\/div>\r\n\r\n            <\/div><div class=\"tlv__item-start\"><\/div><div class=\"tlv__item-end\"><\/div><\/div>\t\t\t\t<\/div>\n\t\t\t\t<\/div>\n\t\t\t\t<div class=\"elementor-element elementor-element-f0cc85e elementor-widget elementor-widget-spacer\" data-id=\"f0cc85e\" data-element_type=\"widget\" data-e-type=\"widget\" data-widget_type=\"spacer.default\">\n\t\t\t\t<div class=\"elementor-widget-container\">\n\t\t\t\t\t\t\t<div class=\"elementor-spacer\">\n\t\t\t<div class=\"elementor-spacer-inner\"><\/div>\n\t\t<\/div>\n\t\t\t\t\t\t<\/div>\n\t\t\t\t<\/div>\n\t\t\t\t\t<\/div>\n\t\t<\/div>\n\t\t\t\t\t<\/div>\n\t\t<\/section>\n\t\t<div class=\"elementor-element elementor-element-84a09e7 e-flex e-con-boxed e-con e-parent\" data-id=\"84a09e7\" data-element_type=\"container\" data-e-type=\"container\">\n\t\t\t\t\t<div class=\"e-con-inner\">\n\t\t\t\t<div class=\"elementor-element elementor-element-fc527e5 elementor-widget elementor-widget-spacer\" data-id=\"fc527e5\" data-element_type=\"widget\" data-e-type=\"widget\" data-widget_type=\"spacer.default\">\n\t\t\t\t<div class=\"elementor-widget-container\">\n\t\t\t\t\t\t\t<div class=\"elementor-spacer\">\n\t\t\t<div class=\"elementor-spacer-inner\"><\/div>\n\t\t<\/div>\n\t\t\t\t\t\t<\/div>\n\t\t\t\t<\/div>\n\t\t\t\t\t<\/div>\n\t\t\t\t<\/div>\n\t\t<div class=\"elementor-element elementor-element-5b8b9e9 e-flex e-con-boxed e-con e-parent\" data-id=\"5b8b9e9\" data-element_type=\"container\" data-e-type=\"container\">\n\t\t\t\t\t<div class=\"e-con-inner\">\n\t\t<div class=\"elementor-element elementor-element-304bcf5 e-con-full e-flex e-con e-child\" data-id=\"304bcf5\" data-element_type=\"container\" data-e-type=\"container\">\n\t\t\t\t<div class=\"elementor-element elementor-element-1f579a0 aleft elementor-widget elementor-widget-wgl-double-heading\" data-id=\"1f579a0\" data-element_type=\"widget\" data-e-type=\"widget\" data-widget_type=\"wgl-double-heading.default\">\n\t\t\t\t<div class=\"elementor-widget-container\">\n\t\t\t\t\t<div class=\"wgl-double-heading\"><div class=\"dblh__wrapper\"><h3 class=\"dblh__title-wrapper\"><span class=\"dblh__title dblh__title-1\">Plans de construction originaux <\/span><span class=\"dblh__title dblh__title-2\">Conserv\u00e9s depuis 1903<\/span><\/h3><\/div><\/div>\t\t\t\t<\/div>\n\t\t\t\t<\/div>\n\t\t\t\t<\/div>\n\t\t<div class=\"elementor-element elementor-element-dd3de16 e-con-full e-flex e-con e-child\" data-id=\"dd3de16\" data-element_type=\"container\" data-e-type=\"container\">\n\t\t\t\t<div class=\"elementor-element elementor-element-3dee38f elementor-widget elementor-widget-spacer\" data-id=\"3dee38f\" data-element_type=\"widget\" data-e-type=\"widget\" data-widget_type=\"spacer.default\">\n\t\t\t\t<div class=\"elementor-widget-container\">\n\t\t\t\t\t\t\t<div class=\"elementor-spacer\">\n\t\t\t<div class=\"elementor-spacer-inner\"><\/div>\n\t\t<\/div>\n\t\t\t\t\t\t<\/div>\n\t\t\t\t<\/div>\n\t\t\t\t<div class=\"elementor-element elementor-element-7dba4e3 acenter elementor-widget elementor-widget-wgl-button\" data-id=\"7dba4e3\" data-element_type=\"widget\" data-e-type=\"widget\" data-widget_type=\"wgl-button.default\">\n\t\t\t\t<div class=\"elementor-widget-container\">\n\t\t\t\t\t<a class=\"wgl-button btn-size-lg \" role=\"button\" href=\"https:\/\/vilahelenka.com\/wp-content\/uploads\/2025\/12\/Archivni-dokumentace.pdf\"><div class=\"button__content \"><span class=\"button__text\">T\u00e9l\u00e9charger ici<\/span><\/div><\/a >\t\t\t\t<\/div>\n\t\t\t\t<\/div>\n\t\t\t\t<\/div>\n\t\t\t\t\t<\/div>\n\t\t\t\t<\/div>\n\t\t<div class=\"elementor-element elementor-element-e747706 e-flex e-con-boxed e-con e-parent\" data-id=\"e747706\" data-element_type=\"container\" data-e-type=\"container\">\n\t\t\t\t\t<div class=\"e-con-inner\">\n\t\t\t\t<div class=\"elementor-element elementor-element-ff2fa7b elementor-widget elementor-widget-spacer\" data-id=\"ff2fa7b\" data-element_type=\"widget\" data-e-type=\"widget\" data-widget_type=\"spacer.default\">\n\t\t\t\t<div class=\"elementor-widget-container\">\n\t\t\t\t\t\t\t<div class=\"elementor-spacer\">\n\t\t\t<div class=\"elementor-spacer-inner\"><\/div>\n\t\t<\/div>\n\t\t\t\t\t\t<\/div>\n\t\t\t\t<\/div>\n\t\t\t\t\t<\/div>\n\t\t\t\t<\/div>\n\t\t\t\t<\/div>\n\t\t","protected":false},"excerpt":{"rendered":"<p>Chronologie historique de la Vila Helenka 1903Naissance d\u2019un chef-d\u2019\u0153uvre La Vila Helenka est construite par l\u2019architecte Alois Korda comme r\u00e9sidence priv\u00e9e pour sa famille. Inspir\u00e9e par le mouvement Art nouveau florissant, la villa devient une d\u00e9claration d\u2019\u00e9l\u00e9gance moderne et d\u2019innovation architecturale. Embellissement artistique1903\u20131910 Le peintre acad\u00e9mique Franti\u0161ek Kobliha con\u00e7oit la fa\u00e7ade, l\u2019ornant de fresques florales, [&hellip;]<\/p>\n","protected":false},"author":1,"featured_media":0,"parent":0,"menu_order":0,"comment_status":"closed","ping_status":"closed","template":"","meta":{"footnotes":""},"class_list":["post-5777","page","type-page","status-publish","hentry"],"_hostinger_reach_plugin_has_subscription_block":false,"_hostinger_reach_plugin_is_elementor":false,"meta_box":{"mb_page_sidebar_layout":"default","mb_page_sidebar_def":"","mb_page_sidebar_def_width":"9","mb_sticky_sidebar":"0","mb_sidebar_gap":"40","mb_customize_side_panel":"default","mb_side_panel_building_tool":"widgets","mb_side_panel_page_select":"","mb_side_panel_spacing":{"margin-top":"","margin-right":"","margin-bottom":"","margin-left":""},"mb_side_panel_title_color":"#ffffff","mb_side_panel_text_color":"#232323","mb_side_panel_bg":"rgba(35,35,35,1)","mb_side_panel_text_alignment":"left","mb_side_panel_width":"","mb_side_panel_position":"right","mb_customize_soc_shares":"default","mb_soc_icon_style":"standard","mb_soc_icon_offset":"250","mb_soc_icon_offset_units":"pixel","mb_soc_icon_facebook":"0","mb_soc_icon_twitter":"0","mb_soc_icon_linkedin":"0","mb_soc_icon_pinterest":"0","mb_soc_icon_tumblr":"0","mb_footer_switch":"default","mb_footer_building_tool":"elementor","mb_footer_page_select":"","mb_footer_spacing":{"padding-top":"","padding-right":"","padding-bottom":"","padding-left":""},"mb_footer_bg":{"repeat":"","size":"","attachment":"","position":"","image":"","color":""},"mb_footer_add_border":"0","mb_footer_border_color":"#e5e5e5","mb_copyright_switch":"default","mb_copyright_editor":"Copyright \u00a9 2023 Quere by WebGeniusLab. All Rights Reserved","mb_copyright_text_color":"#888888","mb_copyright_bg_color":"#000000","mb_copyright_spacing":{"padding-top":"","padding-bottom":""}},"_links":{"self":[{"href":"https:\/\/vilahelenka.com\/fr\/wp-json\/wp\/v2\/pages\/5777","targetHints":{"allow":["GET"]}}],"collection":[{"href":"https:\/\/vilahelenka.com\/fr\/wp-json\/wp\/v2\/pages"}],"about":[{"href":"https:\/\/vilahelenka.com\/fr\/wp-json\/wp\/v2\/types\/page"}],"author":[{"embeddable":true,"href":"https:\/\/vilahelenka.com\/fr\/wp-json\/wp\/v2\/users\/1"}],"replies":[{"embeddable":true,"href":"https:\/\/vilahelenka.com\/fr\/wp-json\/wp\/v2\/comments?post=5777"}],"version-history":[{"count":4,"href":"https:\/\/vilahelenka.com\/fr\/wp-json\/wp\/v2\/pages\/5777\/revisions"}],"predecessor-version":[{"id":6691,"href":"https:\/\/vilahelenka.com\/fr\/wp-json\/wp\/v2\/pages\/5777\/revisions\/6691"}],"wp:attachment":[{"href":"https:\/\/vilahelenka.com\/fr\/wp-json\/wp\/v2\/media?parent=5777"}],"curies":[{"name":"wp","href":"https:\/\/api.w.org\/{rel}","templated":true}]}}