{"id":5784,"date":"2023-08-07T10:24:11","date_gmt":"2023-08-07T10:24:11","guid":{"rendered":"https:\/\/vilahelenka.com\/lich-su\/"},"modified":"2026-01-01T14:39:46","modified_gmt":"2026-01-01T14:39:46","slug":"lich-su","status":"publish","type":"page","link":"https:\/\/vilahelenka.com\/vi\/lich-su\/","title":{"rendered":"L\u1ecbch s\u1eed"},"content":{"rendered":"\t\t<div data-elementor-type=\"wp-page\" data-elementor-id=\"5784\" class=\"elementor elementor-5784 elementor-2300\">\n\t\t\t\t\t\t<section class=\"elementor-section elementor-top-section elementor-element elementor-element-75db0a8 elementor-section-boxed elementor-section-height-default elementor-section-height-default\" data-id=\"75db0a8\" data-element_type=\"section\" data-e-type=\"section\">\n\t\t\t\t\t\t<div class=\"elementor-container elementor-column-gap-default\">\n\t\t\t\t\t<div class=\"elementor-column elementor-col-100 elementor-top-column elementor-element elementor-element-492df0d\" data-id=\"492df0d\" data-element_type=\"column\" data-e-type=\"column\">\n\t\t\t<div class=\"elementor-widget-wrap elementor-element-populated\">\n\t\t\t\t\t\t<div class=\"elementor-element elementor-element-00c1728 acenter elementor-widget elementor-widget-wgl-double-heading\" data-id=\"00c1728\" data-element_type=\"widget\" data-e-type=\"widget\" data-widget_type=\"wgl-double-heading.default\">\n\t\t\t\t<div class=\"elementor-widget-container\">\n\t\t\t\t\t<div class=\"wgl-double-heading\"><div class=\"dblh__wrapper\"><h3 class=\"dblh__title-wrapper\"><span class=\"dblh__title dblh__title-1\">D\u00f2ng th\u1eddi gian l\u1ecbch s\u1eed<\/span><span class=\"dblh__title dblh__title-2\">  c\u1ee7a Vila Helenka<\/span><\/h3><\/div><\/div>\t\t\t\t<\/div>\n\t\t\t\t<\/div>\n\t\t\t\t\t<\/div>\n\t\t<\/div>\n\t\t\t\t\t<\/div>\n\t\t<\/section>\n\t\t\t\t<section class=\"elementor-section elementor-top-section elementor-element elementor-element-6b88055 elementor-section-full_width elementor-section-height-default elementor-section-height-default\" data-id=\"6b88055\" data-element_type=\"section\" data-e-type=\"section\">\n\t\t\t\t\t\t<div class=\"elementor-container elementor-column-gap-no\">\n\t\t\t\t\t<div class=\"elementor-column elementor-col-100 elementor-top-column elementor-element elementor-element-c893298\" data-id=\"c893298\" data-element_type=\"column\" data-e-type=\"column\">\n\t\t\t<div class=\"elementor-widget-wrap elementor-element-populated\">\n\t\t\t\t\t\t<div class=\"elementor-element elementor-element-014b0b4 elementor-widget elementor-widget-spacer\" data-id=\"014b0b4\" data-element_type=\"widget\" data-e-type=\"widget\" data-widget_type=\"spacer.default\">\n\t\t\t\t<div class=\"elementor-widget-container\">\n\t\t\t\t\t\t\t<div class=\"elementor-spacer\">\n\t\t\t<div class=\"elementor-spacer-inner\"><\/div>\n\t\t<\/div>\n\t\t\t\t\t\t<\/div>\n\t\t\t\t<\/div>\n\t\t\t\t<div class=\"elementor-element elementor-element-f1bd81e elementor-widget elementor-widget-wgl-time-line-vertical\" data-id=\"f1bd81e\" data-element_type=\"widget\" data-e-type=\"widget\" data-widget_type=\"wgl-time-line-vertical.default\">\n\t\t\t\t<div class=\"elementor-widget-container\">\n\t\t\t\t\t<div class=\"wgl-timeline-vertical  breakpoint_on-mobile\">            <div class=\"tlv__items-wrapper elementor-repeater-item-b008dc8 \">                <div class=\"tlv__item has_media\">\r\n                    <div class=\"tlv__curve-wrapper\">\r\n                        <div class=\"dot\"><\/div>\r\n                    <\/div>\r\n                    <div class=\"tlv__volume-wrapper\">\r\n                        <div class=\"tlv__content-wrapper\">\r\n                            <div class=\"tlv__content\"><div class=\"tlv__date-wrapper\"><span class=\"tlv__date\">1903<\/span><span class=\"tlv__subtitle\">S\u1ef1 ra \u0111\u1eddi c\u1ee7a m\u1ed9t ki\u1ec7t t\u00e1c<\/span><\/div><div class=\"tlv__text\"><p>Vila Helenka \u0111\u01b0\u1ee3c x\u00e2y d\u1ef1ng b\u1edfi ki\u1ebfn tr\u00fac s\u01b0 Alois Korda nh\u01b0 m\u1ed9t n\u01a1i c\u01b0 tr\u00fa ri\u00eang cho gia \u0111\u00ecnh \u00f4ng. L\u1ea5y c\u1ea3m h\u1ee9ng t\u1eeb phong tr\u00e0o Art Nouveau \u0111ang n\u1edf r\u1ed9, bi\u1ec7t th\u1ef1 tr\u1edf th\u00e0nh bi\u1ec3u t\u01b0\u1ee3ng c\u1ee7a s\u1ef1 thanh l\u1ecbch hi\u1ec7n \u0111\u1ea1i v\u00e0 \u0111\u1ed5i m\u1edbi ki\u1ebfn tr\u00fac.<\/p><\/div><\/div>\r\n                        <\/div>\r\n                    <\/div>\r\n                <\/div>\r\n\r\n                <div class=\"tlv__item image\">\r\n                                            <div class=\"tlv__media\"><img decoding=\"async\" class=\"tlv__thumbnail--idle\" src=\"https:\/\/vilahelenka.com\/wp-content\/uploads\/2025\/12\/2025_06_25_109264-HDR2-1-scalededit2.jpg\" alt=\"2025_06_25_109264-HDR2-1-scalededit2\"\/>                        <\/div>                <\/div>\r\n\r\n            <\/div>            <div class=\"tlv__items-wrapper elementor-repeater-item-e3f4954 \">                <div class=\"tlv__item has_media\">\r\n                    <div class=\"tlv__curve-wrapper\">\r\n                        <div class=\"dot\"><\/div>\r\n                    <\/div>\r\n                    <div class=\"tlv__volume-wrapper\">\r\n                        <div class=\"tlv__content-wrapper\">\r\n                            <div class=\"tlv__content\"><div class=\"tlv__date-wrapper\"><span class=\"tlv__subtitle\">Trang tr\u00ed ngh\u1ec7 thu\u1eadt<\/span><span class=\"tlv__date\">1903\u20131910<\/span><\/div><div class=\"tlv__text\"><p>H\u1ecda s\u0129 h\u1ecdc thu\u1eadt Franti\u0161ek Kobliha thi\u1ebft k\u1ebf m\u1eb7t ti\u1ec1n, trang tr\u00ed n\u00f3 v\u1edbi c\u00e1c b\u1ee9c tranh t\u01b0\u1eddng hoa, m\u1ed9t thi\u00ean th\u1ea7n \u0111i\u00eau kh\u1eafc v\u00e0 m\u1ed9t \u0111\u1ed3ng h\u1ed3 m\u1eb7t tr\u1eddi trang tr\u00ed \u2014 thi\u1ebft l\u1eadp Helenka nh\u01b0 m\u1ed9t v\u00ed d\u1ee5 n\u1ed5i b\u1eadt c\u1ee7a Art Nouveau \u1edf Prague.<\/p><\/div><\/div>\r\n                        <\/div>\r\n                    <\/div>\r\n                <\/div>\r\n\r\n                <div class=\"tlv__item image\">\r\n                                            <div class=\"tlv__media\"><img decoding=\"async\" class=\"tlv__thumbnail--idle\" src=\"https:\/\/vilahelenka.com\/wp-content\/uploads\/2025\/07\/2025_06_25_109145-scaled.jpg\" alt=\"2025_06_25_109145\"\/>                        <\/div>                <\/div>\r\n\r\n            <\/div>            <div class=\"tlv__items-wrapper elementor-repeater-item-824283a \">                <div class=\"tlv__item has_media\">\r\n                    <div class=\"tlv__curve-wrapper\">\r\n                        <div class=\"dot\"><\/div>\r\n                    <\/div>\r\n                    <div class=\"tlv__volume-wrapper\">\r\n                        <div class=\"tlv__content-wrapper\">\r\n                            <div class=\"tlv__content\"><div class=\"tlv__date-wrapper\"><span class=\"tlv__date\">Gi\u1eefa th\u1ebf k\u1ef7 20<\/span><span class=\"tlv__subtitle\">Nh\u1eefng th\u1eadp k\u1ef7 y\u00ean t\u0129nh<\/span><\/div><div class=\"tlv__text\"><p>Trong su\u1ed1t nh\u1eefng bi\u1ebfn \u0111\u1ed9ng ch\u00ednh tr\u1ecb v\u00e0 x\u00e3 h\u1ed9i c\u1ee7a th\u1ebf k\u1ef7 20, bi\u1ec7t th\u1ef1 v\u1eabn l\u00e0 m\u1ed9t vi\u00ean ng\u1ecdc \u1ea9n, c\u00e1c \u0111\u1eb7c \u0111i\u1ec3m nguy\u00ean b\u1ea3n c\u1ee7a n\u00f3 \u0111\u01b0\u1ee3c b\u1ea3o t\u1ed3n d\u01b0\u1edbi l\u1edbp th\u1eddi gian.<\/p><\/div><\/div>\r\n                        <\/div>\r\n                    <\/div>\r\n                <\/div>\r\n\r\n                <div class=\"tlv__item image\">\r\n                                            <div class=\"tlv__media\"><img decoding=\"async\" class=\"tlv__thumbnail--idle\" src=\"https:\/\/vilahelenka.com\/wp-content\/uploads\/2025\/07\/2025_06_26_109407-HDR-scaled.jpg\" alt=\"2025_06_26_109407-HDR\"\/>                        <\/div>                <\/div>\r\n\r\n            <\/div>            <div class=\"tlv__items-wrapper elementor-repeater-item-66d03a0 \">                <div class=\"tlv__item has_media\">\r\n                    <div class=\"tlv__curve-wrapper\">\r\n                        <div class=\"dot\"><\/div>\r\n                    <\/div>\r\n                    <div class=\"tlv__volume-wrapper\">\r\n                        <div class=\"tlv__content-wrapper\">\r\n                            <div class=\"tlv__content\"><div class=\"tlv__date-wrapper\"><span class=\"tlv__subtitle\">Kh\u00f4i ph\u1ee5c ho\u00e0n to\u00e0n<\/span><span class=\"tlv__date\">2005\u20132016<\/span><\/div><div class=\"tlv__text\"><p>M\u1ed9t cu\u1ed9c t\u00e1i thi\u1ebft t\u1ec9 m\u1ec9 v\u00e0 nh\u1ea1y c\u1ea3m \u0111\u01b0\u1ee3c d\u1eabn d\u1eaft b\u1edfi m\u1ed9t ki\u1ebfn tr\u00fac s\u01b0 ng\u01b0\u1eddi \u00dd n\u1ed5i ti\u1ebfng. C\u00e1c chi ti\u1ebft ngh\u1ec7 thu\u1eadt nguy\u00ean b\u1ea3n c\u1ee7a bi\u1ec7t th\u1ef1 \u0111\u01b0\u1ee3c kh\u00f4i ph\u1ee5c, v\u00e0 c\u00e1c y\u1ebfu t\u1ed1 hi\u1ec7n \u0111\u1ea1i nh\u01b0 thang m\u00e1y, c\u01a1 s\u1edf h\u1ea1 t\u1ea7ng k\u1ef9 thu\u1eadt v\u00e0 m\u1ed9t c\u0103n h\u1ed9 \u00e1p m\u00e1i sang tr\u1ecdng \u0111\u01b0\u1ee3c th\u00eam v\u00e0o.<\/p><\/div><\/div>\r\n                        <\/div>\r\n                    <\/div>\r\n                <\/div>\r\n\r\n                <div class=\"tlv__item image\">\r\n                                            <div class=\"tlv__media\"><img decoding=\"async\" class=\"tlv__thumbnail--idle\" src=\"https:\/\/vilahelenka.com\/wp-content\/uploads\/2025\/07\/2025_06_25_109017-HDR-1-scaled.jpg\" alt=\"2025_06_25_109017-HDR\"\/>                        <\/div>                <\/div>\r\n\r\n            <\/div>            <div class=\"tlv__items-wrapper elementor-repeater-item-ca994c5 \">                <div class=\"tlv__item has_media\">\r\n                    <div class=\"tlv__curve-wrapper\">\r\n                        <div class=\"dot\"><\/div>\r\n                    <\/div>\r\n                    <div class=\"tlv__volume-wrapper\">\r\n                        <div class=\"tlv__content-wrapper\">\r\n                            <div class=\"tlv__content\"><div class=\"tlv__date-wrapper\"><span class=\"tlv__date\">Ng\u00e0y nay<\/span><span class=\"tlv__subtitle\">M\u1ed9t t\u00e1c ph\u1ea9m ngh\u1ec7 thu\u1eadt s\u1ed1ng \u0111\u1ed9ng<\/span><\/div><div class=\"tlv__text\"><p>Hi\u1ec7n \u0111\u00e3 \u0111\u01b0\u1ee3c c\u1ea3i t\u1ea1o ho\u00e0n to\u00e0n, Vila Helenka \u0111\u1ee9ng v\u1eefng nh\u01b0 m\u1ed9t trong nh\u1eefng di t\u00edch ki\u1ebfn tr\u00fac quan tr\u1ecdng nh\u1ea5t c\u1ee7a Prague \u2014 s\u1eb5n s\u00e0ng ph\u1ee5c v\u1ee5 nh\u01b0 m\u1ed9t n\u01a1i c\u01b0 tr\u00fa uy t\u00edn, \u0111\u1ea1i s\u1ee9 qu\u00e1n ho\u1eb7c kh\u00e1ch s\u1ea1n boutique \u0111\u1ed9c quy\u1ec1n, v\u00e0 \u0111\u01b0\u1ee3c cung c\u1ea5p \u0111\u1ed9c quy\u1ec1n th\u00f4ng qua \u0111\u1ea1i l\u00fd c\u1ee7a ch\u00fang t\u00f4i.<\/p><\/div><\/div>\r\n                        <\/div>\r\n                    <\/div>\r\n                <\/div>\r\n\r\n                <div class=\"tlv__item image\">\r\n                                            <div class=\"tlv__media\"><img decoding=\"async\" class=\"tlv__thumbnail--idle\" src=\"https:\/\/vilahelenka.com\/wp-content\/uploads\/2025\/07\/2025_06_25_109093-HDR-1-scaled.jpg\" alt=\"2025_06_25_109093-HDR\"\/>                        <\/div>                <\/div>\r\n\r\n            <\/div><div class=\"tlv__item-start\"><\/div><div class=\"tlv__item-end\"><\/div><\/div>\t\t\t\t<\/div>\n\t\t\t\t<\/div>\n\t\t\t\t<div class=\"elementor-element elementor-element-f0cc85e elementor-widget elementor-widget-spacer\" data-id=\"f0cc85e\" data-element_type=\"widget\" data-e-type=\"widget\" data-widget_type=\"spacer.default\">\n\t\t\t\t<div class=\"elementor-widget-container\">\n\t\t\t\t\t\t\t<div class=\"elementor-spacer\">\n\t\t\t<div class=\"elementor-spacer-inner\"><\/div>\n\t\t<\/div>\n\t\t\t\t\t\t<\/div>\n\t\t\t\t<\/div>\n\t\t\t\t\t<\/div>\n\t\t<\/div>\n\t\t\t\t\t<\/div>\n\t\t<\/section>\n\t\t<div class=\"elementor-element elementor-element-84a09e7 e-flex e-con-boxed e-con e-parent\" data-id=\"84a09e7\" data-element_type=\"container\" data-e-type=\"container\">\n\t\t\t\t\t<div class=\"e-con-inner\">\n\t\t\t\t<div class=\"elementor-element elementor-element-fc527e5 elementor-widget elementor-widget-spacer\" data-id=\"fc527e5\" data-element_type=\"widget\" data-e-type=\"widget\" data-widget_type=\"spacer.default\">\n\t\t\t\t<div class=\"elementor-widget-container\">\n\t\t\t\t\t\t\t<div class=\"elementor-spacer\">\n\t\t\t<div class=\"elementor-spacer-inner\"><\/div>\n\t\t<\/div>\n\t\t\t\t\t\t<\/div>\n\t\t\t\t<\/div>\n\t\t\t\t\t<\/div>\n\t\t\t\t<\/div>\n\t\t<div class=\"elementor-element elementor-element-5b8b9e9 e-flex e-con-boxed e-con e-parent\" data-id=\"5b8b9e9\" data-element_type=\"container\" data-e-type=\"container\">\n\t\t\t\t\t<div class=\"e-con-inner\">\n\t\t<div class=\"elementor-element elementor-element-304bcf5 e-con-full e-flex e-con e-child\" data-id=\"304bcf5\" data-element_type=\"container\" data-e-type=\"container\">\n\t\t\t\t<div class=\"elementor-element elementor-element-1f579a0 aleft elementor-widget elementor-widget-wgl-double-heading\" data-id=\"1f579a0\" data-element_type=\"widget\" data-e-type=\"widget\" data-widget_type=\"wgl-double-heading.default\">\n\t\t\t\t<div class=\"elementor-widget-container\">\n\t\t\t\t\t<div class=\"wgl-double-heading\"><div class=\"dblh__wrapper\"><h3 class=\"dblh__title-wrapper\"><span class=\"dblh__title dblh__title-1\">B\u1ea3n v\u1ebd x\u00e2y d\u1ef1ng g\u1ed1c <\/span><span class=\"dblh__title dblh__title-2\">\u0110\u01b0\u1ee3c b\u1ea3o t\u1ed3n t\u1eeb n\u0103m 1903<\/span><\/h3><\/div><\/div>\t\t\t\t<\/div>\n\t\t\t\t<\/div>\n\t\t\t\t<\/div>\n\t\t<div class=\"elementor-element elementor-element-dd3de16 e-con-full e-flex e-con e-child\" data-id=\"dd3de16\" data-element_type=\"container\" data-e-type=\"container\">\n\t\t\t\t<div class=\"elementor-element elementor-element-3dee38f elementor-widget elementor-widget-spacer\" data-id=\"3dee38f\" data-element_type=\"widget\" data-e-type=\"widget\" data-widget_type=\"spacer.default\">\n\t\t\t\t<div class=\"elementor-widget-container\">\n\t\t\t\t\t\t\t<div class=\"elementor-spacer\">\n\t\t\t<div class=\"elementor-spacer-inner\"><\/div>\n\t\t<\/div>\n\t\t\t\t\t\t<\/div>\n\t\t\t\t<\/div>\n\t\t\t\t<div class=\"elementor-element elementor-element-7dba4e3 acenter elementor-widget elementor-widget-wgl-button\" data-id=\"7dba4e3\" data-element_type=\"widget\" data-e-type=\"widget\" data-widget_type=\"wgl-button.default\">\n\t\t\t\t<div class=\"elementor-widget-container\">\n\t\t\t\t\t<a class=\"wgl-button btn-size-lg \" role=\"button\" href=\"https:\/\/vilahelenka.com\/wp-content\/uploads\/2025\/12\/Archivni-dokumentace.pdf\"><div class=\"button__content \"><span class=\"button__text\">T\u1ea3i xu\u1ed1ng t\u1ea1i \u0111\u00e2y<\/span><\/div><\/a >\t\t\t\t<\/div>\n\t\t\t\t<\/div>\n\t\t\t\t<\/div>\n\t\t\t\t\t<\/div>\n\t\t\t\t<\/div>\n\t\t<div class=\"elementor-element elementor-element-e747706 e-flex e-con-boxed e-con e-parent\" data-id=\"e747706\" data-element_type=\"container\" data-e-type=\"container\">\n\t\t\t\t\t<div class=\"e-con-inner\">\n\t\t\t\t<div class=\"elementor-element elementor-element-ff2fa7b elementor-widget elementor-widget-spacer\" data-id=\"ff2fa7b\" data-element_type=\"widget\" data-e-type=\"widget\" data-widget_type=\"spacer.default\">\n\t\t\t\t<div class=\"elementor-widget-container\">\n\t\t\t\t\t\t\t<div class=\"elementor-spacer\">\n\t\t\t<div class=\"elementor-spacer-inner\"><\/div>\n\t\t<\/div>\n\t\t\t\t\t\t<\/div>\n\t\t\t\t<\/div>\n\t\t\t\t\t<\/div>\n\t\t\t\t<\/div>\n\t\t\t\t<\/div>\n\t\t","protected":false},"excerpt":{"rendered":"<p>D\u00f2ng th\u1eddi gian l\u1ecbch s\u1eed c\u1ee7a Vila Helenka 1903S\u1ef1 ra \u0111\u1eddi c\u1ee7a m\u1ed9t ki\u1ec7t t\u00e1c Vila Helenka \u0111\u01b0\u1ee3c x\u00e2y d\u1ef1ng b\u1edfi ki\u1ebfn tr\u00fac s\u01b0 Alois Korda nh\u01b0 m\u1ed9t n\u01a1i c\u01b0 tr\u00fa ri\u00eang cho gia \u0111\u00ecnh \u00f4ng. L\u1ea5y c\u1ea3m h\u1ee9ng t\u1eeb phong tr\u00e0o Art Nouveau \u0111ang n\u1edf r\u1ed9, bi\u1ec7t th\u1ef1 tr\u1edf th\u00e0nh bi\u1ec3u t\u01b0\u1ee3ng c\u1ee7a s\u1ef1 [&hellip;]<\/p>\n","protected":false},"author":1,"featured_media":0,"parent":0,"menu_order":0,"comment_status":"closed","ping_status":"closed","template":"","meta":{"footnotes":""},"class_list":["post-5784","page","type-page","status-publish","hentry"],"_hostinger_reach_plugin_has_subscription_block":false,"_hostinger_reach_plugin_is_elementor":false,"meta_box":{"mb_page_sidebar_layout":"default","mb_page_sidebar_def":"","mb_page_sidebar_def_width":"9","mb_sticky_sidebar":"0","mb_sidebar_gap":"40","mb_customize_side_panel":"default","mb_side_panel_building_tool":"widgets","mb_side_panel_page_select":"","mb_side_panel_spacing":{"margin-top":"","margin-right":"","margin-bottom":"","margin-left":""},"mb_side_panel_title_color":"#ffffff","mb_side_panel_text_color":"#232323","mb_side_panel_bg":"rgba(35,35,35,1)","mb_side_panel_text_alignment":"left","mb_side_panel_width":"","mb_side_panel_position":"right","mb_customize_soc_shares":"default","mb_soc_icon_style":"standard","mb_soc_icon_offset":"250","mb_soc_icon_offset_units":"pixel","mb_soc_icon_facebook":"0","mb_soc_icon_twitter":"0","mb_soc_icon_linkedin":"0","mb_soc_icon_pinterest":"0","mb_soc_icon_tumblr":"0","mb_footer_switch":"default","mb_footer_building_tool":"elementor","mb_footer_page_select":"","mb_footer_spacing":{"padding-top":"","padding-right":"","padding-bottom":"","padding-left":""},"mb_footer_bg":{"repeat":"","size":"","attachment":"","position":"","image":"","color":""},"mb_footer_add_border":"0","mb_footer_border_color":"#e5e5e5","mb_copyright_switch":"default","mb_copyright_editor":"Copyright \u00a9 2023 Quere by WebGeniusLab. All Rights Reserved","mb_copyright_text_color":"#888888","mb_copyright_bg_color":"#000000","mb_copyright_spacing":{"padding-top":"","padding-bottom":""}},"_links":{"self":[{"href":"https:\/\/vilahelenka.com\/vi\/wp-json\/wp\/v2\/pages\/5784","targetHints":{"allow":["GET"]}}],"collection":[{"href":"https:\/\/vilahelenka.com\/vi\/wp-json\/wp\/v2\/pages"}],"about":[{"href":"https:\/\/vilahelenka.com\/vi\/wp-json\/wp\/v2\/types\/page"}],"author":[{"embeddable":true,"href":"https:\/\/vilahelenka.com\/vi\/wp-json\/wp\/v2\/users\/1"}],"replies":[{"embeddable":true,"href":"https:\/\/vilahelenka.com\/vi\/wp-json\/wp\/v2\/comments?post=5784"}],"version-history":[{"count":4,"href":"https:\/\/vilahelenka.com\/vi\/wp-json\/wp\/v2\/pages\/5784\/revisions"}],"predecessor-version":[{"id":6706,"href":"https:\/\/vilahelenka.com\/vi\/wp-json\/wp\/v2\/pages\/5784\/revisions\/6706"}],"wp:attachment":[{"href":"https:\/\/vilahelenka.com\/vi\/wp-json\/wp\/v2\/media?parent=5784"}],"curies":[{"name":"wp","href":"https:\/\/api.w.org\/{rel}","templated":true}]}}